{"id":53,"date":"2020-08-04T12:43:50","date_gmt":"2020-08-04T10:43:50","guid":{"rendered":"http:\/\/www.rollybrings.de\/wordpress\/?page_id=53"},"modified":"2024-01-14T17:59:03","modified_gmt":"2024-01-14T16:59:03","slug":"die-band","status":"publish","type":"page","link":"http:\/\/www.rollybrings.de\/wordpress\/die-band\/","title":{"rendered":"Die Band"},"content":{"rendered":"\n<p><strong>Rolly und Benjamin Brings heute&#8230;<\/strong><\/p>\n\n\n\n<figure class=\"wp-block-image size-full\"><img loading=\"lazy\" decoding=\"async\" width=\"770\" height=\"544\" src=\"http:\/\/www.rollybrings.de\/wordpress\/wp-content\/uploads\/2024\/01\/Bildschirmfoto-2023-11-08-um-21.19.58.png\" alt=\"\" class=\"wp-image-319\" srcset=\"http:\/\/www.rollybrings.de\/wordpress\/wp-content\/uploads\/2024\/01\/Bildschirmfoto-2023-11-08-um-21.19.58.png 770w, http:\/\/www.rollybrings.de\/wordpress\/wp-content\/uploads\/2024\/01\/Bildschirmfoto-2023-11-08-um-21.19.58-300x212.png 300w, http:\/\/www.rollybrings.de\/wordpress\/wp-content\/uploads\/2024\/01\/Bildschirmfoto-2023-11-08-um-21.19.58-768x543.png 768w\" sizes=\"auto, (max-width: 770px) 100vw, 770px\" \/><\/figure>\n\n\n\n<h2 class=\"wp-block-heading\">Programme<\/h2>\n\n\n\n<p><strong>Heimatlieder auf K\u00f6lsch<\/strong><br>Wenn ich su aan ming Heimat denke \u2026<\/p>\n\n\n\n<p><strong>Dunkelgold<\/strong><br>Rolly &amp; Benjamin Brings spielen Itzig Manger auf Hochdeutsch<\/p>\n\n\n\n<p><strong>Vater &amp; Sohn op K\u00f6lsch<\/strong><br>Lesung und Musik<\/p>\n\n\n\n<p><strong>Fabeln auf K\u00f6lsch<\/strong><br>Lesung und Musik<\/p>\n\n\n\n<p><strong>Memento Mori<\/strong><br>Ne k\u00f6lsche Dudedanz \/ Ein k\u00f6lscher Totentanz<\/p>\n\n\n\n<p><strong>Adam &amp; Eva <\/strong><br>Frauen sind Bilder. M\u00e4nner sind Probleme<\/p>\n\n\n\n<p>Kontakt: <a href=\"mailto:rollybrings@netcologne.de\">rollybrings@netcologne.de<\/a><\/p>\n","protected":false},"excerpt":{"rendered":"<p>Rolly und Benjamin Brings heute&#8230; Programme Heimatlieder auf K\u00f6lschWenn ich su aan ming Heimat denke \u2026 DunkelgoldRolly &amp; Benjamin Brings spielen Itzig Manger auf Hochdeutsch Vater &amp; Sohn op K\u00f6lschLesung und Musik Fabeln auf K\u00f6lschLesung und Musik Memento MoriNe k\u00f6lsche Dudedanz \/ Ein k\u00f6lscher Totentanz Adam &amp; Eva Frauen sind Bilder. M\u00e4nner sind Probleme Kontakt: [&hellip;]<\/p>\n","protected":false},"author":1,"featured_media":0,"parent":0,"menu_order":0,"comment_status":"closed","ping_status":"closed","template":"","meta":{"footnotes":""},"class_list":["post-53","page","type-page","status-publish","hentry"],"_links":{"self":[{"href":"http:\/\/www.rollybrings.de\/wordpress\/wp-json\/wp\/v2\/pages\/53","targetHints":{"allow":["GET"]}}],"collection":[{"href":"http:\/\/www.rollybrings.de\/wordpress\/wp-json\/wp\/v2\/pages"}],"about":[{"href":"http:\/\/www.rollybrings.de\/wordpress\/wp-json\/wp\/v2\/types\/page"}],"author":[{"embeddable":true,"href":"http:\/\/www.rollybrings.de\/wordpress\/wp-json\/wp\/v2\/users\/1"}],"replies":[{"embeddable":true,"href":"http:\/\/www.rollybrings.de\/wordpress\/wp-json\/wp\/v2\/comments?post=53"}],"version-history":[{"count":10,"href":"http:\/\/www.rollybrings.de\/wordpress\/wp-json\/wp\/v2\/pages\/53\/revisions"}],"predecessor-version":[{"id":350,"href":"http:\/\/www.rollybrings.de\/wordpress\/wp-json\/wp\/v2\/pages\/53\/revisions\/350"}],"wp:attachment":[{"href":"http:\/\/www.rollybrings.de\/wordpress\/wp-json\/wp\/v2\/media?parent=53"}],"curies":[{"name":"wp","href":"https:\/\/api.w.org\/{rel}","templated":true}]}}