{"id":330,"date":"2024-01-14T14:04:51","date_gmt":"2024-01-14T13:04:51","guid":{"rendered":"http:\/\/www.rollybrings.de\/wordpress\/?page_id=330"},"modified":"2024-01-14T22:07:41","modified_gmt":"2024-01-14T21:07:41","slug":"rolly-brings-archiv-vor-2024","status":"publish","type":"page","link":"http:\/\/www.rollybrings.de\/wordpress\/rolly-brings-archiv-vor-2024\/","title":{"rendered":"Rolly Brings Archiv vor 2024"},"content":{"rendered":"\n<p>Wie ihr seht, haben wir das Design der Homepage ver\u00e4ndert. <\/p>\n\n\n\n<p>Auf der neuen Seite findet ihr alles ab 2024, einiges an allgemeinen Informationen werden wir auch hierhin \u00fcbernehmen. <\/p>\n\n\n\n<p>In den Archivseiten k\u00f6nnt ihr die gesamte alte Homepage wie gewohnt anschauen, hier wird es allerdings keine Aktualisierungen mehr geben. Es geht also nichts verloren. <br><br><a href=\"http:\/\/www.rollybrings.de\/index_archiv.htm\" target=\"_blank\" rel=\"noreferrer noopener\">Hier gehts zum Archiv (viel Spass beim St\u00f6bern in alten Zeiten)<\/a><\/p>\n","protected":false},"excerpt":{"rendered":"<p>Wie ihr seht, haben wir das Design der Homepage ver\u00e4ndert. Auf der neuen Seite findet ihr alles ab 2024, einiges an allgemeinen Informationen werden wir auch hierhin \u00fcbernehmen. In den Archivseiten k\u00f6nnt ihr die gesamte alte Homepage wie gewohnt anschauen, hier wird es allerdings keine Aktualisierungen mehr geben. Es geht also nichts verloren. Hier gehts [&hellip;]<\/p>\n","protected":false},"author":1,"featured_media":0,"parent":0,"menu_order":0,"comment_status":"closed","ping_status":"closed","template":"","meta":{"footnotes":""},"class_list":["post-330","page","type-page","status-publish","hentry"],"_links":{"self":[{"href":"http:\/\/www.rollybrings.de\/wordpress\/wp-json\/wp\/v2\/pages\/330","targetHints":{"allow":["GET"]}}],"collection":[{"href":"http:\/\/www.rollybrings.de\/wordpress\/wp-json\/wp\/v2\/pages"}],"about":[{"href":"http:\/\/www.rollybrings.de\/wordpress\/wp-json\/wp\/v2\/types\/page"}],"author":[{"embeddable":true,"href":"http:\/\/www.rollybrings.de\/wordpress\/wp-json\/wp\/v2\/users\/1"}],"replies":[{"embeddable":true,"href":"http:\/\/www.rollybrings.de\/wordpress\/wp-json\/wp\/v2\/comments?post=330"}],"version-history":[{"count":6,"href":"http:\/\/www.rollybrings.de\/wordpress\/wp-json\/wp\/v2\/pages\/330\/revisions"}],"predecessor-version":[{"id":354,"href":"http:\/\/www.rollybrings.de\/wordpress\/wp-json\/wp\/v2\/pages\/330\/revisions\/354"}],"wp:attachment":[{"href":"http:\/\/www.rollybrings.de\/wordpress\/wp-json\/wp\/v2\/media?parent=330"}],"curies":[{"name":"wp","href":"https:\/\/api.w.org\/{rel}","templated":true}]}}